{"id":96,"date":"2026-02-07T14:20:14","date_gmt":"2026-02-07T14:20:14","guid":{"rendered":"https:\/\/www.cheverny2026.fr\/?page_id=96"},"modified":"2026-02-07T14:20:14","modified_gmt":"2026-02-07T14:20:14","slug":"fabrice-gouny","status":"publish","type":"page","link":"https:\/\/www.cheverny2026.fr\/index.php\/fabrice-gouny\/","title":{"rendered":"Fabrice GOUNY"},"content":{"rendered":"\n<div class=\"wp-block-columns is-layout-flex wp-container-core-columns-is-layout-28f84493 wp-block-columns-is-layout-flex\">\n<div class=\"wp-block-column is-layout-flow wp-block-column-is-layout-flow\">\n<figure class=\"wp-block-image size-full\"><img loading=\"lazy\" decoding=\"async\" width=\"1024\" height=\"768\" src=\"http:\/\/www.cheverny2026.fr\/wp-content\/uploads\/2026\/02\/17-1.png\" alt=\"\" class=\"wp-image-61\" srcset=\"https:\/\/www.cheverny2026.fr\/wp-content\/uploads\/2026\/02\/17-1.png 1024w, https:\/\/www.cheverny2026.fr\/wp-content\/uploads\/2026\/02\/17-1-300x225.png 300w, https:\/\/www.cheverny2026.fr\/wp-content\/uploads\/2026\/02\/17-1-768x576.png 768w\" sizes=\"auto, (max-width: 1024px) 100vw, 1024px\" \/><\/figure>\n<\/div>\n\n\n\n<div class=\"wp-block-column is-layout-flow wp-block-column-is-layout-flow\">\n<div style=\"height:100px\" aria-hidden=\"true\" class=\"wp-block-spacer\"><\/div>\n\n\n\n<p class=\"has-large-font-size\"><strong>Fabrice GOUNY<\/strong><\/p>\n\n\n\n<p>53 ans, mari\u00e9, 3 enfants<\/p>\n\n\n\n<p>Conseiller municipal sortant<\/p>\n\n\n\n<p>Responsable d\u2019un bureau d\u2019\u00e9tude dans le b\u00e2timent<\/p>\n<\/div>\n<\/div>\n\n\n\n<div style=\"height:30px\" aria-hidden=\"true\" class=\"wp-block-spacer\"><\/div>\n\n\n\n<p>Chevernois depuis 29 ans et attach\u00e9 \u00e0 cette identit\u00e9, j\u2019ai pu d\u00e9couvrir Cheverny au travers ces<br>associations et ces manifestations. J\u2019affectionne particuli\u00e8rement le cadre paisible et rural de cette<br>commune.<\/p>\n\n\n\n<p><br>Conseiller municipale depuis 12 ans, j\u2019ai v\u00e9cu une exp\u00e9rience d\u2019engagement et de d\u00e9vouement au<br>service de la commune.<\/p>\n\n\n\n<p><br>Ma motivation reste intacte, c\u2019est une fonction passionnante et enrichissante faite de rencontre et<br>de r\u00e9flexion pour cr\u00e9er des liens et am\u00e9liorer le quotidien des chevernois. Elle permet la proximit\u00e9<br>avec les gens, particuli\u00e8rement vrai dans le monde rural.<\/p>\n\n\n\n<p><br>Responsable d\u2019un bureau d\u2019\u00e9tudes dans le b\u00e2timent me permet de m\u2019investir plus sp\u00e9cifiquement<br>dans certains domaines.<\/p>\n\n\n\n<p><br>L\u2019objectif de poursuivre les actions en cours s\u2019inscrit dans une philosophie d\u2019engagement de fa\u00e7on<br>continue et sans rel\u00e2che afin de continuer \u00e0 m\u2019investir et utiliser mon \u00e9nergie pour agir.<br>J\u2019ai \u00e0 c\u0153ur d\u2019apporter mes comp\u00e9tences \u00e0 la collectivit\u00e9 sans ambitions personnelles, avec<br>honn\u00eatet\u00e9 et sinc\u00e9rit\u00e9, tant dans mon investissement dans la municipalit\u00e9 que dans mon<br>engagement dans le milieu associatif.<\/p>\n\n\n\n<p><br>Etre \u00e9lu communal, c\u2019est construire et dynamiser pour l\u2019int\u00e9r\u00eat g\u00e9n\u00e9ral mais c\u2019est aussi comprendre<br>l\u2019importance des promesses et respecter la confiance des \u00e9lecteurs.<\/p>\n","protected":false},"excerpt":{"rendered":"<p>Fabrice GOUNY 53 ans, mari\u00e9, 3 enfants Conseiller municipal sortant Responsable d\u2019un bureau d\u2019\u00e9tude dans le b\u00e2timent Chevernois depuis 29 ans et attach\u00e9 \u00e0 cette identit\u00e9, j\u2019ai pu d\u00e9couvrir Cheverny au travers cesassociations et ces manifestations. J\u2019affectionne particuli\u00e8rement le cadre paisible et rural de cettecommune. Conseiller municipale depuis 12 ans, j\u2019ai v\u00e9cu une exp\u00e9rience d\u2019engagement [&hellip;]<\/p>\n","protected":false},"author":1,"featured_media":0,"parent":0,"menu_order":0,"comment_status":"closed","ping_status":"closed","template":"","meta":{"footnotes":""},"class_list":["post-96","page","type-page","status-publish","hentry"],"_links":{"self":[{"href":"https:\/\/www.cheverny2026.fr\/index.php\/wp-json\/wp\/v2\/pages\/96","targetHints":{"allow":["GET"]}}],"collection":[{"href":"https:\/\/www.cheverny2026.fr\/index.php\/wp-json\/wp\/v2\/pages"}],"about":[{"href":"https:\/\/www.cheverny2026.fr\/index.php\/wp-json\/wp\/v2\/types\/page"}],"author":[{"embeddable":true,"href":"https:\/\/www.cheverny2026.fr\/index.php\/wp-json\/wp\/v2\/users\/1"}],"replies":[{"embeddable":true,"href":"https:\/\/www.cheverny2026.fr\/index.php\/wp-json\/wp\/v2\/comments?post=96"}],"version-history":[{"count":1,"href":"https:\/\/www.cheverny2026.fr\/index.php\/wp-json\/wp\/v2\/pages\/96\/revisions"}],"predecessor-version":[{"id":97,"href":"https:\/\/www.cheverny2026.fr\/index.php\/wp-json\/wp\/v2\/pages\/96\/revisions\/97"}],"wp:attachment":[{"href":"https:\/\/www.cheverny2026.fr\/index.php\/wp-json\/wp\/v2\/media?parent=96"}],"curies":[{"name":"wp","href":"https:\/\/api.w.org\/{rel}","templated":true}]}}