{"id":85,"date":"2026-02-07T14:15:55","date_gmt":"2026-02-07T14:15:55","guid":{"rendered":"https:\/\/www.cheverny2026.fr\/?page_id=85"},"modified":"2026-02-07T14:16:34","modified_gmt":"2026-02-07T14:16:34","slug":"karine-godet","status":"publish","type":"page","link":"https:\/\/www.cheverny2026.fr\/index.php\/karine-godet\/","title":{"rendered":"Karine GODET"},"content":{"rendered":"\n<div class=\"wp-block-columns is-layout-flex wp-container-core-columns-is-layout-28f84493 wp-block-columns-is-layout-flex\">\n<div class=\"wp-block-column is-layout-flow wp-block-column-is-layout-flow\">\n<figure class=\"wp-block-image size-full\"><img loading=\"lazy\" decoding=\"async\" width=\"1024\" height=\"768\" src=\"http:\/\/www.cheverny2026.fr\/wp-content\/uploads\/2026\/02\/16-1.png\" alt=\"\" class=\"wp-image-60\" srcset=\"https:\/\/www.cheverny2026.fr\/wp-content\/uploads\/2026\/02\/16-1.png 1024w, https:\/\/www.cheverny2026.fr\/wp-content\/uploads\/2026\/02\/16-1-300x225.png 300w, https:\/\/www.cheverny2026.fr\/wp-content\/uploads\/2026\/02\/16-1-768x576.png 768w\" sizes=\"auto, (max-width: 1024px) 100vw, 1024px\" \/><\/figure>\n<\/div>\n\n\n\n<div class=\"wp-block-column is-layout-flow wp-block-column-is-layout-flow\">\n<div style=\"height:100px\" aria-hidden=\"true\" class=\"wp-block-spacer\"><\/div>\n\n\n\n<p class=\"has-large-font-size\"><strong>Karine GODET<\/strong><\/p>\n\n\n\n<p>49 ans, mari\u00e9e<\/p>\n\n\n\n<p>2 enfants<\/p>\n\n\n\n<p>Professeur des \u00e9coles<\/p>\n<\/div>\n<\/div>\n\n\n\n<div style=\"height:30px\" aria-hidden=\"true\" class=\"wp-block-spacer\"><\/div>\n\n\n\n<p>J&#8217;ai accept\u00e9 de rejoindre l&#8217;\u00e9quipe municipale de Cheverny car je souhaite m\u2019engager pour une commune vivante, solidaire, \u00e0 l\u2019\u00e9coute de ses habitants, o\u00f9 chacun trouve sa place, quel que soit son \u00e2ge ou son parcours.<\/p>\n\n\n\n<p>Je serai heureuse de contribuer \u00e0 pr\u00e9server ce qui fait l\u2019\u00e2me de Cheverny tout en pr\u00e9parant son avenir. Ainsi que construire, avec tous les habitants de Cheverny, une commune encore plus agr\u00e9able \u00e0 vivre, plus inclusive et tourn\u00e9e vers demain.<\/p>\n","protected":false},"excerpt":{"rendered":"<p>Karine GODET 49 ans, mari\u00e9e 2 enfants Professeur des \u00e9coles J&#8217;ai accept\u00e9 de rejoindre l&#8217;\u00e9quipe municipale de Cheverny car je souhaite m\u2019engager pour une commune vivante, solidaire, \u00e0 l\u2019\u00e9coute de ses habitants, o\u00f9 chacun trouve sa place, quel que soit son \u00e2ge ou son parcours. Je serai heureuse de contribuer \u00e0 pr\u00e9server ce qui fait [&hellip;]<\/p>\n","protected":false},"author":1,"featured_media":0,"parent":0,"menu_order":0,"comment_status":"closed","ping_status":"closed","template":"","meta":{"footnotes":""},"class_list":["post-85","page","type-page","status-publish","hentry"],"_links":{"self":[{"href":"https:\/\/www.cheverny2026.fr\/index.php\/wp-json\/wp\/v2\/pages\/85","targetHints":{"allow":["GET"]}}],"collection":[{"href":"https:\/\/www.cheverny2026.fr\/index.php\/wp-json\/wp\/v2\/pages"}],"about":[{"href":"https:\/\/www.cheverny2026.fr\/index.php\/wp-json\/wp\/v2\/types\/page"}],"author":[{"embeddable":true,"href":"https:\/\/www.cheverny2026.fr\/index.php\/wp-json\/wp\/v2\/users\/1"}],"replies":[{"embeddable":true,"href":"https:\/\/www.cheverny2026.fr\/index.php\/wp-json\/wp\/v2\/comments?post=85"}],"version-history":[{"count":5,"href":"https:\/\/www.cheverny2026.fr\/index.php\/wp-json\/wp\/v2\/pages\/85\/revisions"}],"predecessor-version":[{"id":90,"href":"https:\/\/www.cheverny2026.fr\/index.php\/wp-json\/wp\/v2\/pages\/85\/revisions\/90"}],"wp:attachment":[{"href":"https:\/\/www.cheverny2026.fr\/index.php\/wp-json\/wp\/v2\/media?parent=85"}],"curies":[{"name":"wp","href":"https:\/\/api.w.org\/{rel}","templated":true}]}}