{"id":80,"date":"2026-02-07T14:03:21","date_gmt":"2026-02-07T14:03:21","guid":{"rendered":"https:\/\/www.cheverny2026.fr\/?page_id=80"},"modified":"2026-02-07T14:17:46","modified_gmt":"2026-02-07T14:17:46","slug":"yves-michel-gil","status":"publish","type":"page","link":"https:\/\/www.cheverny2026.fr\/index.php\/yves-michel-gil\/","title":{"rendered":"Yves-Michel GIL"},"content":{"rendered":"\n<div class=\"wp-block-columns is-layout-flex wp-container-core-columns-is-layout-28f84493 wp-block-columns-is-layout-flex\">\n<div class=\"wp-block-column is-layout-flow wp-block-column-is-layout-flow\">\n<figure class=\"wp-block-image size-full\"><img loading=\"lazy\" decoding=\"async\" width=\"1024\" height=\"768\" src=\"http:\/\/www.cheverny2026.fr\/wp-content\/uploads\/2026\/02\/5-1.png\" alt=\"\" class=\"wp-image-49\" srcset=\"https:\/\/www.cheverny2026.fr\/wp-content\/uploads\/2026\/02\/5-1.png 1024w, https:\/\/www.cheverny2026.fr\/wp-content\/uploads\/2026\/02\/5-1-300x225.png 300w, https:\/\/www.cheverny2026.fr\/wp-content\/uploads\/2026\/02\/5-1-768x576.png 768w\" sizes=\"auto, (max-width: 1024px) 100vw, 1024px\" \/><\/figure>\n<\/div>\n\n\n\n<div class=\"wp-block-column is-layout-flow wp-block-column-is-layout-flow\">\n<p class=\"has-large-font-size\"><strong>Yves-Michel GIL<\/strong><\/p>\n\n\n\n<p>62 ans, en couple, 2 enfants<\/p>\n\n\n\n<p>2 petits-enfants<\/p>\n\n\n\n<p>Conseiller municipal sortant Retrait\u00e9<\/p>\n<\/div>\n<\/div>\n\n\n\n<div style=\"height:30px\" aria-hidden=\"true\" class=\"wp-block-spacer\"><\/div>\n\n\n\n<p>J&#8217;ai 62 ans, je vis en couple, je suis p\u00e8re de 2 enfants et grand-p\u00e8re de 2 petits enfants.<\/p>\n\n\n\n<p>J&#8217;ai travaill\u00e9 pendant 32 ans dans la grande distribution, dont 21 ans en tant que g\u00e9rant de supermarch\u00e9 \u00e0 Pruniers en Sologne. Apr\u00e8s cette p\u00e9riode, j&#8217;ai quitt\u00e9 Romorantin et je me suis install\u00e9 en 2016 \u00e0 Cheverny.<\/p>\n\n\n\n<p>Pendant les dix derni\u00e8res&nbsp;ann\u00e9es j&#8217;ai exploit\u00e9 deux g\u00eetes dans une commune limitrophe de Cheverny jusqu&#8217;\u00e0 mon d\u00e9part en retraite.<\/p>\n\n\n\n<p>Ce dernier emploi&nbsp; me laissant un peu temps libre, j&#8217;ai pu m&#8217;investir dans diff\u00e9rentes associations de la commune. C&#8217;est ainsi que j&#8217;ai fait la connaissance de Lionella Gallard&nbsp; qui m&#8217;a propos\u00e9 en 2020 de&nbsp;rejoindre sa nouvelle \u00e9quipe municipale.<\/p>\n\n\n\n<p>Le mandat de six ans m&#8217;a permis d&#8217;apprendre le&nbsp;fonctionnement d&#8217;une commune et c&#8217;est tout naturellement que je souhaite continuer lors du prochain mandat et \u0153uvrer en mettant \u00e0 profit&nbsp;mon exp\u00e9rience acquise.<\/p>\n","protected":false},"excerpt":{"rendered":"<p>Yves-Michel GIL 62 ans, en couple, 2 enfants 2 petits-enfants Conseiller municipal sortant Retrait\u00e9 J&#8217;ai 62 ans, je vis en couple, je suis p\u00e8re de 2 enfants et grand-p\u00e8re de 2 petits enfants. J&#8217;ai travaill\u00e9 pendant 32 ans dans la grande distribution, dont 21 ans en tant que g\u00e9rant de supermarch\u00e9 \u00e0 Pruniers en Sologne. [&hellip;]<\/p>\n","protected":false},"author":1,"featured_media":0,"parent":0,"menu_order":0,"comment_status":"closed","ping_status":"closed","template":"","meta":{"footnotes":""},"class_list":["post-80","page","type-page","status-publish","hentry"],"_links":{"self":[{"href":"https:\/\/www.cheverny2026.fr\/index.php\/wp-json\/wp\/v2\/pages\/80","targetHints":{"allow":["GET"]}}],"collection":[{"href":"https:\/\/www.cheverny2026.fr\/index.php\/wp-json\/wp\/v2\/pages"}],"about":[{"href":"https:\/\/www.cheverny2026.fr\/index.php\/wp-json\/wp\/v2\/types\/page"}],"author":[{"embeddable":true,"href":"https:\/\/www.cheverny2026.fr\/index.php\/wp-json\/wp\/v2\/users\/1"}],"replies":[{"embeddable":true,"href":"https:\/\/www.cheverny2026.fr\/index.php\/wp-json\/wp\/v2\/comments?post=80"}],"version-history":[{"count":2,"href":"https:\/\/www.cheverny2026.fr\/index.php\/wp-json\/wp\/v2\/pages\/80\/revisions"}],"predecessor-version":[{"id":93,"href":"https:\/\/www.cheverny2026.fr\/index.php\/wp-json\/wp\/v2\/pages\/80\/revisions\/93"}],"wp:attachment":[{"href":"https:\/\/www.cheverny2026.fr\/index.php\/wp-json\/wp\/v2\/media?parent=80"}],"curies":[{"name":"wp","href":"https:\/\/api.w.org\/{rel}","templated":true}]}}