{"id":73,"date":"2026-02-07T13:59:41","date_gmt":"2026-02-07T13:59:41","guid":{"rendered":"https:\/\/www.cheverny2026.fr\/?page_id=73"},"modified":"2026-02-07T14:17:27","modified_gmt":"2026-02-07T14:17:27","slug":"therese-dazin","status":"publish","type":"page","link":"https:\/\/www.cheverny2026.fr\/index.php\/therese-dazin\/","title":{"rendered":"Th\u00e9r\u00e8se DAZIN"},"content":{"rendered":"\n<div class=\"wp-block-columns is-layout-flex wp-container-core-columns-is-layout-28f84493 wp-block-columns-is-layout-flex\">\n<div class=\"wp-block-column is-layout-flow wp-block-column-is-layout-flow\">\n<figure class=\"wp-block-image size-full\"><img loading=\"lazy\" decoding=\"async\" width=\"1024\" height=\"768\" src=\"http:\/\/www.cheverny2026.fr\/wp-content\/uploads\/2026\/02\/4-1.png\" alt=\"\" class=\"wp-image-48\" srcset=\"https:\/\/www.cheverny2026.fr\/wp-content\/uploads\/2026\/02\/4-1.png 1024w, https:\/\/www.cheverny2026.fr\/wp-content\/uploads\/2026\/02\/4-1-300x225.png 300w, https:\/\/www.cheverny2026.fr\/wp-content\/uploads\/2026\/02\/4-1-768x576.png 768w\" sizes=\"auto, (max-width: 1024px) 100vw, 1024px\" \/><\/figure>\n<\/div>\n\n\n\n<div class=\"wp-block-column is-layout-flow wp-block-column-is-layout-flow\">\n<div style=\"height:100px\" aria-hidden=\"true\" class=\"wp-block-spacer\"><\/div>\n\n\n\n<p class=\"has-large-font-size\"><strong>Th\u00e9r\u00e8se DAZIN<\/strong><\/p>\n\n\n\n<p>64 ans<\/p>\n\n\n\n<p>Conseill\u00e8re municipale sortante<\/p>\n\n\n\n<p>Retrait\u00e9e<\/p>\n<\/div>\n<\/div>\n\n\n\n<div style=\"height:30px\" aria-hidden=\"true\" class=\"wp-block-spacer\"><\/div>\n\n\n\n<p>Comme beaucoup d\u2019habitants de Cheverny, je n\u2019y suis pas n\u00e9e mais c\u2019est ici que j\u2019ai pos\u00e9 mes valises en 1992. Tr\u00e8s attach\u00e9e \u00e0 la qualit\u00e9 de vie qu\u2019offre notre village, je souhaite qu\u2019il reste un lieu de vie  agr\u00e9able pour ses habitants et accueillant pour les nombreux visiteurs et touristes, qu\u2019il ne devienne ni une cit\u00e9 dortoir ni une sorte de village vacance. C\u2019est ce qui a guid\u00e9 mon investissement tant au sein du conseil municipal ces 6 derni\u00e8res ann\u00e9es que dans les associations et notamment l\u2019\u00e9picerie citoyenne de Cheverny.<\/p>\n\n\n\n<p><br>Ing\u00e9nieur de l\u2019\u00e9quipement rural de formation, j\u2019ai longtemps conseill\u00e9 les \u00e9lus des communes et de leurs groupements dans les domaines de l\u2019eau, de l\u2019urbanisme, et la revitalisation des centres-bourgs. J\u2019ai pu constater que le manque d\u2019ing\u00e9nierie dans de nombreuses communes rurales est un frein \u00e0 la r\u00e9alisation de leurs projets.<\/p>\n\n\n\n<p><br>Pass\u00e9e de l&#8217;autre c\u00f4t\u00e9 de la barri\u00e8re, mon pari est de confronter mes discours \u00e0 la pratique, mon objectif d&#8217;utiliser mes comp\u00e9tences et mon \u00e9nergie pour agir au service de la commune, et ma volont\u00e9 que chacun prenne conscience que Cheverny c&#8217;est \u00e0 la fois nous tous ensemble et chacun d&#8217;entre nous.<\/p>\n\n\n\n<p><br>Ce qui m&#8217;anime c&#8217;est contribuer \u00e0 une \u00e9volution de la commune \u00e9quilibr\u00e9e qui en respecte les caract\u00e9ristiques pour qu\u2019on y vive ensemble avec s\u00e9r\u00e9nit\u00e9 et harmonie, c&#8217;est agir concr\u00e8tement pour am\u00e9liorer la vie des gens tout simplement.<\/p>\n","protected":false},"excerpt":{"rendered":"<p>Th\u00e9r\u00e8se DAZIN 64 ans Conseill\u00e8re municipale sortante Retrait\u00e9e Comme beaucoup d\u2019habitants de Cheverny, je n\u2019y suis pas n\u00e9e mais c\u2019est ici que j\u2019ai pos\u00e9 mes valises en 1992. Tr\u00e8s attach\u00e9e \u00e0 la qualit\u00e9 de vie qu\u2019offre notre village, je souhaite qu\u2019il reste un lieu de vie agr\u00e9able pour ses habitants et accueillant pour les nombreux [&hellip;]<\/p>\n","protected":false},"author":1,"featured_media":0,"parent":0,"menu_order":0,"comment_status":"closed","ping_status":"closed","template":"","meta":{"footnotes":""},"class_list":["post-73","page","type-page","status-publish","hentry"],"_links":{"self":[{"href":"https:\/\/www.cheverny2026.fr\/index.php\/wp-json\/wp\/v2\/pages\/73","targetHints":{"allow":["GET"]}}],"collection":[{"href":"https:\/\/www.cheverny2026.fr\/index.php\/wp-json\/wp\/v2\/pages"}],"about":[{"href":"https:\/\/www.cheverny2026.fr\/index.php\/wp-json\/wp\/v2\/types\/page"}],"author":[{"embeddable":true,"href":"https:\/\/www.cheverny2026.fr\/index.php\/wp-json\/wp\/v2\/users\/1"}],"replies":[{"embeddable":true,"href":"https:\/\/www.cheverny2026.fr\/index.php\/wp-json\/wp\/v2\/comments?post=73"}],"version-history":[{"count":4,"href":"https:\/\/www.cheverny2026.fr\/index.php\/wp-json\/wp\/v2\/pages\/73\/revisions"}],"predecessor-version":[{"id":92,"href":"https:\/\/www.cheverny2026.fr\/index.php\/wp-json\/wp\/v2\/pages\/73\/revisions\/92"}],"wp:attachment":[{"href":"https:\/\/www.cheverny2026.fr\/index.php\/wp-json\/wp\/v2\/media?parent=73"}],"curies":[{"name":"wp","href":"https:\/\/api.w.org\/{rel}","templated":true}]}}