{"id":67,"date":"2026-02-07T13:55:02","date_gmt":"2026-02-07T13:55:02","guid":{"rendered":"https:\/\/www.cheverny2026.fr\/?page_id=67"},"modified":"2026-02-07T14:18:08","modified_gmt":"2026-02-07T14:18:08","slug":"francois-cazin","status":"publish","type":"page","link":"https:\/\/www.cheverny2026.fr\/index.php\/francois-cazin\/","title":{"rendered":"Fran\u00e7ois CAZIN"},"content":{"rendered":"\n<div class=\"wp-block-columns is-layout-flex wp-container-core-columns-is-layout-28f84493 wp-block-columns-is-layout-flex\">\n<div class=\"wp-block-column is-layout-flow wp-block-column-is-layout-flow\">\n<figure class=\"wp-block-image size-full\"><img loading=\"lazy\" decoding=\"async\" width=\"1024\" height=\"768\" src=\"http:\/\/www.cheverny2026.fr\/wp-content\/uploads\/2026\/02\/2-1.png\" alt=\"\" class=\"wp-image-46\" srcset=\"https:\/\/www.cheverny2026.fr\/wp-content\/uploads\/2026\/02\/2-1.png 1024w, https:\/\/www.cheverny2026.fr\/wp-content\/uploads\/2026\/02\/2-1-300x225.png 300w, https:\/\/www.cheverny2026.fr\/wp-content\/uploads\/2026\/02\/2-1-768x576.png 768w\" sizes=\"auto, (max-width: 1024px) 100vw, 1024px\" \/><\/figure>\n<\/div>\n\n\n\n<div class=\"wp-block-column is-layout-flow wp-block-column-is-layout-flow\">\n<div style=\"height:100px\" aria-hidden=\"true\" class=\"wp-block-spacer\"><\/div>\n\n\n\n<p class=\"has-large-font-size\"><strong>Fran\u00e7ois CAZIN<\/strong><\/p>\n\n\n\n<p>67 ans, mari\u00e9, 1 enfant<\/p>\n\n\n\n<p>Conseiller municipal sortant<\/p>\n\n\n\n<p>Vigneron<\/p>\n<\/div>\n<\/div>\n\n\n\n<div style=\"height:30px\" aria-hidden=\"true\" class=\"wp-block-spacer\"><\/div>\n\n\n\n<p>Avec une viticulture et une agriculture dynamique sur notre territoire, une repr\u00e9sentation de ce secteur \u00e9conomique est n\u00e9cessaire dans le conseil municipal de notre commune.<\/p>\n\n\n\n<p><br>Il est essentiel de conserver le lien entre les professionnels du monde rural et les habitants de notre village pour \u00e9changer sur nos pratiques, se comprendre et ainsi vivre sereinement ensemble.<\/p>\n\n\n\n<p><br>Dans une commune o\u00f9 viticulture et agriculture font preuve de dynamisme il est important de s\u2019associer \u00e0 la vie de la commune. Un espace rural entretenu, une agriculture respectueuse de l\u2019environnement, la diversit\u00e9 des paysages, autant d\u2019atout \u00e0 pr\u00e9server pour la qualit\u00e9 de vie de nos habitants et assurer le meilleur accueil \u00e0 nos visiteurs toujours plus nombreux \u00e0 venir d\u00e9couvrir nos<br>Appellations et nos produits locaux.<\/p>\n","protected":false},"excerpt":{"rendered":"<p>Fran\u00e7ois CAZIN 67 ans, mari\u00e9, 1 enfant Conseiller municipal sortant Vigneron Avec une viticulture et une agriculture dynamique sur notre territoire, une repr\u00e9sentation de ce secteur \u00e9conomique est n\u00e9cessaire dans le conseil municipal de notre commune. Il est essentiel de conserver le lien entre les professionnels du monde rural et les habitants de notre village [&hellip;]<\/p>\n","protected":false},"author":1,"featured_media":0,"parent":0,"menu_order":0,"comment_status":"closed","ping_status":"closed","template":"","meta":{"footnotes":""},"class_list":["post-67","page","type-page","status-publish","hentry"],"_links":{"self":[{"href":"https:\/\/www.cheverny2026.fr\/index.php\/wp-json\/wp\/v2\/pages\/67","targetHints":{"allow":["GET"]}}],"collection":[{"href":"https:\/\/www.cheverny2026.fr\/index.php\/wp-json\/wp\/v2\/pages"}],"about":[{"href":"https:\/\/www.cheverny2026.fr\/index.php\/wp-json\/wp\/v2\/types\/page"}],"author":[{"embeddable":true,"href":"https:\/\/www.cheverny2026.fr\/index.php\/wp-json\/wp\/v2\/users\/1"}],"replies":[{"embeddable":true,"href":"https:\/\/www.cheverny2026.fr\/index.php\/wp-json\/wp\/v2\/comments?post=67"}],"version-history":[{"count":4,"href":"https:\/\/www.cheverny2026.fr\/index.php\/wp-json\/wp\/v2\/pages\/67\/revisions"}],"predecessor-version":[{"id":94,"href":"https:\/\/www.cheverny2026.fr\/index.php\/wp-json\/wp\/v2\/pages\/67\/revisions\/94"}],"wp:attachment":[{"href":"https:\/\/www.cheverny2026.fr\/index.php\/wp-json\/wp\/v2\/media?parent=67"}],"curies":[{"name":"wp","href":"https:\/\/api.w.org\/{rel}","templated":true}]}}