{"id":38,"date":"2026-02-07T13:40:03","date_gmt":"2026-02-07T13:40:03","guid":{"rendered":"https:\/\/www.cheverny2026.fr\/?page_id=38"},"modified":"2026-02-07T14:17:14","modified_gmt":"2026-02-07T14:17:14","slug":"lionella-gallard","status":"publish","type":"page","link":"https:\/\/www.cheverny2026.fr\/index.php\/lionella-gallard\/","title":{"rendered":"Lionella GALLARD"},"content":{"rendered":"\n<div class=\"wp-block-columns is-layout-flex wp-container-core-columns-is-layout-28f84493 wp-block-columns-is-layout-flex\">\n<div class=\"wp-block-column is-layout-flow wp-block-column-is-layout-flow\">\n<figure class=\"wp-block-image size-full is-resized\"><img loading=\"lazy\" decoding=\"async\" width=\"1024\" height=\"768\" src=\"http:\/\/www.cheverny2026.fr\/wp-content\/uploads\/2026\/02\/1.png\" alt=\"\" class=\"wp-image-45\" style=\"aspect-ratio:1.3333584678027446;width:525px;height:auto\" srcset=\"https:\/\/www.cheverny2026.fr\/wp-content\/uploads\/2026\/02\/1.png 1024w, https:\/\/www.cheverny2026.fr\/wp-content\/uploads\/2026\/02\/1-300x225.png 300w, https:\/\/www.cheverny2026.fr\/wp-content\/uploads\/2026\/02\/1-768x576.png 768w\" sizes=\"auto, (max-width: 1024px) 100vw, 1024px\" \/><\/figure>\n<\/div>\n\n\n\n<div class=\"wp-block-column is-layout-flow wp-block-column-is-layout-flow\">\n<p class=\"has-x-large-font-size\"><strong>Lionella GALLARD<\/strong><\/p>\n\n\n\n<p>59 ans, mari\u00e9e<\/p>\n\n\n\n<p>3 enfants, 1 petite-fille<\/p>\n\n\n\n<p>Maire sortante depuis 2014<\/p>\n\n\n\n<p>Conseill\u00e8re d\u00e9partementale depuis 2015<\/p>\n\n\n\n<p>G\u00e9rante de g\u00eete<\/p>\n<\/div>\n<\/div>\n\n\n\n<div style=\"height:30px\" aria-hidden=\"true\" class=\"wp-block-spacer\"><\/div>\n\n\n\n<p class=\"has-text-align-left\">Nous r\u00e9sidons, en famille, \u00e0 Cheverny depuis 1992 parce que ce territoire correspondait \u00e0 notre id\u00e9al tout en restant \u00e0 proximit\u00e9 de nos proches.<\/p>\n\n\n\n<p class=\"has-text-align-left\"><br>Juriste de formation, j\u2019ai exerc\u00e9 pendant 10 ans le m\u00e9tier de m\u00e9diateur, judiciaire et conventionnel, aupr\u00e8s du tribunal de grande instance d\u2019Orl\u00e9ans. Cette fonction m\u2019a permis de comprendre que nombre de conflits peuvent se r\u00e9soudre simplement pourvu que l\u2019\u00e9coute et la prise en compte de \u00abl\u2019autre \u00bb soient des valeurs partag\u00e9es par les int\u00e9ress\u00e9s.<\/p>\n\n\n\n<p class=\"has-text-align-left\"><br>J\u2019ai ensuite souhait\u00e9 exercer une activit\u00e9, plus proche de mon domicile, dans le domaine touristique en g\u00e9rant une conciergerie pour des propri\u00e9taires de g\u00eetes, puis pour nos logements. Je me suis engag\u00e9e au sein du conseil municipal en 2008 en tant que conseill\u00e8re municipale puis comme maire depuis 2014.<\/p>\n\n\n\n<p class=\"has-text-align-left\"><br>Cheverny est une commune attachante qui sait se mobiliser sur la plupart des sujets collectifs&nbsp;: l\u2019\u00e9conomie locale, la s\u00e9curit\u00e9, le tourisme, la biodiversit\u00e9, le patrimoine, la culture, la ruralit\u00e9 et l\u2019agriculture.<\/p>\n\n\n\n<p>Toutes ces constantes n\u00e9cessitent un engagement avis\u00e9 avec une \u00e9quipe motiv\u00e9e et convaincue que notre commune est un bel espace \u00e0 pr\u00e9server. Divers projets se dessinent qui permettront de conserver la dynamique du village, de partager de nouvelles activit\u00e9s avec des habitants convaincus du cadre exceptionnel de Cheverny.<br>Depuis 2014, je me suis efforc\u00e9e de conjuguer dynamisme et respect du cadre de vie avec comme ligne de conduite la  bienveillance, la transparence, la solidarit\u00e9 et la convivialit\u00e9.<\/p>\n\n\n\n<p><br>Je souhaite maintenir ce cap et poursuivre l\u2019action men\u00e9e afin de permettre \u00e0 la commune et ses habitants de profiter de ce site exceptionnel qu\u2019est Cheverny&nbsp;et pr\u00e9server le juste \u00e9quilibre et l\u2019harmonie de la commune.<\/p>\n\n\n\n<p><br>L\u2019\u00e9quipe qui est \u00e0 mes c\u00f4t\u00e9s est exp\u00e9riment\u00e9e avec de multiples comp\u00e9tences compl\u00e9mentaires. Nous sommes motiv\u00e9s et tous engag\u00e9s afin que Cheverny reste un village accueillant, actif et solidaire.<\/p>\n","protected":false},"excerpt":{"rendered":"<p>Lionella GALLARD 59 ans, mari\u00e9e 3 enfants, 1 petite-fille Maire sortante depuis 2014 Conseill\u00e8re d\u00e9partementale depuis 2015 G\u00e9rante de g\u00eete Nous r\u00e9sidons, en famille, \u00e0 Cheverny depuis 1992 parce que ce territoire correspondait \u00e0 notre id\u00e9al tout en restant \u00e0 proximit\u00e9 de nos proches. Juriste de formation, j\u2019ai exerc\u00e9 pendant 10 ans le m\u00e9tier de [&hellip;]<\/p>\n","protected":false},"author":1,"featured_media":0,"parent":0,"menu_order":0,"comment_status":"closed","ping_status":"closed","template":"","meta":{"footnotes":""},"class_list":["post-38","page","type-page","status-publish","hentry"],"_links":{"self":[{"href":"https:\/\/www.cheverny2026.fr\/index.php\/wp-json\/wp\/v2\/pages\/38","targetHints":{"allow":["GET"]}}],"collection":[{"href":"https:\/\/www.cheverny2026.fr\/index.php\/wp-json\/wp\/v2\/pages"}],"about":[{"href":"https:\/\/www.cheverny2026.fr\/index.php\/wp-json\/wp\/v2\/types\/page"}],"author":[{"embeddable":true,"href":"https:\/\/www.cheverny2026.fr\/index.php\/wp-json\/wp\/v2\/users\/1"}],"replies":[{"embeddable":true,"href":"https:\/\/www.cheverny2026.fr\/index.php\/wp-json\/wp\/v2\/comments?post=38"}],"version-history":[{"count":9,"href":"https:\/\/www.cheverny2026.fr\/index.php\/wp-json\/wp\/v2\/pages\/38\/revisions"}],"predecessor-version":[{"id":91,"href":"https:\/\/www.cheverny2026.fr\/index.php\/wp-json\/wp\/v2\/pages\/38\/revisions\/91"}],"wp:attachment":[{"href":"https:\/\/www.cheverny2026.fr\/index.php\/wp-json\/wp\/v2\/media?parent=38"}],"curies":[{"name":"wp","href":"https:\/\/api.w.org\/{rel}","templated":true}]}}