{"id":121,"date":"2026-02-07T14:48:00","date_gmt":"2026-02-07T14:48:00","guid":{"rendered":"https:\/\/www.cheverny2026.fr\/?page_id=121"},"modified":"2026-02-07T14:48:00","modified_gmt":"2026-02-07T14:48:00","slug":"hermann-boissay","status":"publish","type":"page","link":"https:\/\/www.cheverny2026.fr\/index.php\/hermann-boissay\/","title":{"rendered":"Hermann BOISSAY"},"content":{"rendered":"\n<div class=\"wp-block-columns is-layout-flex wp-container-core-columns-is-layout-28f84493 wp-block-columns-is-layout-flex\">\n<div class=\"wp-block-column is-layout-flow wp-block-column-is-layout-flow\">\n<figure class=\"wp-block-image size-full\"><img loading=\"lazy\" decoding=\"async\" width=\"1024\" height=\"768\" src=\"http:\/\/www.cheverny2026.fr\/wp-content\/uploads\/2026\/02\/14-1.png\" alt=\"\" class=\"wp-image-58\" srcset=\"https:\/\/www.cheverny2026.fr\/wp-content\/uploads\/2026\/02\/14-1.png 1024w, https:\/\/www.cheverny2026.fr\/wp-content\/uploads\/2026\/02\/14-1-300x225.png 300w, https:\/\/www.cheverny2026.fr\/wp-content\/uploads\/2026\/02\/14-1-768x576.png 768w\" sizes=\"auto, (max-width: 1024px) 100vw, 1024px\" \/><\/figure>\n<\/div>\n\n\n\n<div class=\"wp-block-column is-layout-flow wp-block-column-is-layout-flow\">\n<div style=\"height:100px\" aria-hidden=\"true\" class=\"wp-block-spacer\"><\/div>\n\n\n\n<p class=\"has-large-font-size\"><strong>Hermann BOISSAY<\/strong><\/p>\n\n\n\n<p>43 ans, mari\u00e9, 2 enfants<\/p>\n\n\n\n<p>Responsable d\u2019une base op\u00e9rationnelle d\u2019Enedis<\/p>\n<\/div>\n<\/div>\n\n\n\n<div style=\"height:30px\" aria-hidden=\"true\" class=\"wp-block-spacer\"><\/div>\n\n\n\n<p>Install\u00e9 \u00e0 Cheverny depuis 19 ans, j\u2019y ai construit ma vie de famille : je suis mari\u00e9 et p\u00e8re de deux enfants qui grandissent dans ce cadre privil\u00e9gi\u00e9 que nous partageons.<\/p>\n\n\n\n<p>\u200bSur le plan professionnel, je suis Responsable de base op\u00e9rationnelle chez Enedis. Ce m\u00e9tier de terrain m\u2019impose une grande rigueur, le sens des responsabilit\u00e9s et une gestion rigoureuse des projets. Ce sont ces comp\u00e9tences de gestionnaire et mon sens du service public que je souhaite aujourd&#8217;hui mettre au profit de notre conseil municipal.<\/p>\n\n\n\n<p>\u200bBeaucoup d&#8217;entre vous me connaissent d\u00e9j\u00e0 \u00e0 travers ma vie associative. Pour moi, l&#8217;identit\u00e9 de Cheverny passe par ses moments de partage. C\u2019est donc tout naturellement que je m\u2019implique chaque ann\u00e9e comme b\u00e9n\u00e9vole lors de notre F\u00eate des Vendanges et le Marathon de Cheverny. Ces exp\u00e9riences m&#8217;ont permis d&#8217;\u00eatre \u00e0 votre \u00e9coute et de comprendre l&#8217;importance du tissu associatif local.<\/p>\n\n\n\n<p>\u200bMon engagement pour la commune :<\/p>\n\n\n\n<ul class=\"wp-block-list\">\n<li>\u200bAgir avec expertise : Utiliser mon exp\u00e9rience professionnelle pour accompagner techniquement et sereinement les nouveaux projets de la mairie.<\/li>\n\n\n\n<li>\u200bPr\u00e9server notre cadre de vie : Veiller \u00e0 ce que le d\u00e9veloppement de Cheverny respecte notre environnement et les besoins des familles.<\/li>\n\n\n\n<li>\u200bSoutenir le dynamisme local : \u00catre un relais actif pour les associations et les \u00e9v\u00e9nements qui font battre le c\u0153ur de notre village.<\/li>\n\n\n\n<li>\u200bC\u2019est avec enthousiasme et s\u00e9rieux que je sollicite votre confiance pour agir ensemble pour Cheverny.<\/li>\n<\/ul>\n","protected":false},"excerpt":{"rendered":"<p>Hermann BOISSAY 43 ans, mari\u00e9, 2 enfants Responsable d\u2019une base op\u00e9rationnelle d\u2019Enedis Install\u00e9 \u00e0 Cheverny depuis 19 ans, j\u2019y ai construit ma vie de famille : je suis mari\u00e9 et p\u00e8re de deux enfants qui grandissent dans ce cadre privil\u00e9gi\u00e9 que nous partageons. \u200bSur le plan professionnel, je suis Responsable de base op\u00e9rationnelle chez Enedis. [&hellip;]<\/p>\n","protected":false},"author":1,"featured_media":0,"parent":0,"menu_order":0,"comment_status":"closed","ping_status":"closed","template":"","meta":{"footnotes":""},"class_list":["post-121","page","type-page","status-publish","hentry"],"_links":{"self":[{"href":"https:\/\/www.cheverny2026.fr\/index.php\/wp-json\/wp\/v2\/pages\/121","targetHints":{"allow":["GET"]}}],"collection":[{"href":"https:\/\/www.cheverny2026.fr\/index.php\/wp-json\/wp\/v2\/pages"}],"about":[{"href":"https:\/\/www.cheverny2026.fr\/index.php\/wp-json\/wp\/v2\/types\/page"}],"author":[{"embeddable":true,"href":"https:\/\/www.cheverny2026.fr\/index.php\/wp-json\/wp\/v2\/users\/1"}],"replies":[{"embeddable":true,"href":"https:\/\/www.cheverny2026.fr\/index.php\/wp-json\/wp\/v2\/comments?post=121"}],"version-history":[{"count":1,"href":"https:\/\/www.cheverny2026.fr\/index.php\/wp-json\/wp\/v2\/pages\/121\/revisions"}],"predecessor-version":[{"id":122,"href":"https:\/\/www.cheverny2026.fr\/index.php\/wp-json\/wp\/v2\/pages\/121\/revisions\/122"}],"wp:attachment":[{"href":"https:\/\/www.cheverny2026.fr\/index.php\/wp-json\/wp\/v2\/media?parent=121"}],"curies":[{"name":"wp","href":"https:\/\/api.w.org\/{rel}","templated":true}]}}