{"id":116,"date":"2026-02-07T14:42:33","date_gmt":"2026-02-07T14:42:33","guid":{"rendered":"https:\/\/www.cheverny2026.fr\/?page_id=116"},"modified":"2026-02-07T14:42:33","modified_gmt":"2026-02-07T14:42:33","slug":"sebastien-renard","status":"publish","type":"page","link":"https:\/\/www.cheverny2026.fr\/index.php\/sebastien-renard\/","title":{"rendered":"S\u00e9bastien RENARD"},"content":{"rendered":"\n<div class=\"wp-block-columns is-layout-flex wp-container-core-columns-is-layout-28f84493 wp-block-columns-is-layout-flex\">\n<div class=\"wp-block-column is-layout-flow wp-block-column-is-layout-flow\">\n<figure class=\"wp-block-image size-full\"><img loading=\"lazy\" decoding=\"async\" width=\"1024\" height=\"768\" src=\"http:\/\/www.cheverny2026.fr\/wp-content\/uploads\/2026\/02\/10-1.png\" alt=\"\" class=\"wp-image-54\" srcset=\"https:\/\/www.cheverny2026.fr\/wp-content\/uploads\/2026\/02\/10-1.png 1024w, https:\/\/www.cheverny2026.fr\/wp-content\/uploads\/2026\/02\/10-1-300x225.png 300w, https:\/\/www.cheverny2026.fr\/wp-content\/uploads\/2026\/02\/10-1-768x576.png 768w\" sizes=\"auto, (max-width: 1024px) 100vw, 1024px\" \/><\/figure>\n<\/div>\n\n\n\n<div class=\"wp-block-column is-layout-flow wp-block-column-is-layout-flow\">\n<div style=\"height:100px\" aria-hidden=\"true\" class=\"wp-block-spacer\"><\/div>\n\n\n\n<p class=\"has-large-font-size\"><strong>S\u00e9bastien RENARD<\/strong><\/p>\n\n\n\n<p>52 ans<\/p>\n\n\n\n<p>Consultant expert en h\u00f4tellerie, restauration et hospitalit\u00e9<\/p>\n<\/div>\n<\/div>\n\n\n\n<div style=\"height:30px\" aria-hidden=\"true\" class=\"wp-block-spacer\"><\/div>\n\n\n\n<p>Ancien Directeur d\u2019h\u00f4tel et de restaurant et bourguignon d\u2019origine, je me suis install\u00e9 \u00e0 Cheverny afin de prendre part \u00e0 la cr\u00e9ation et \u00e0 l\u2019ouverture des Sources de Cheverny. J\u2019ai ensuite d\u00e9cid\u00e9 en 2021 de me lancer dans l\u2019entreprenariat en cr\u00e9ant une soci\u00e9t\u00e9 de conseil pour les m\u00e9tiers de l\u2019h\u00f4tellerie-restauration et plus g\u00e9n\u00e9ralement de l\u2019hospitalit\u00e9. J\u2019accompagne de nombreux h\u00f4tels et restaurants partout en France, ainsi que le secteur m\u00e9dico-social \u00e0 travers les Ehpad dans le d\u00e9ploiement de la qualit\u00e9 au service du Grand \u00c2ge.<\/p>\n\n\n\n<p>J\u2019ai d\u00e9cid\u00e9 de rejoindre l\u2019\u00e9quipe municipale sortante afin d\u2019apporter mes comp\u00e9tences en terme d\u2019hospitalit\u00e9 pour le territoire, et afin de collaborer au d\u00e9veloppement dynamique et touristique du village.<\/p>\n","protected":false},"excerpt":{"rendered":"<p>S\u00e9bastien RENARD 52 ans Consultant expert en h\u00f4tellerie, restauration et hospitalit\u00e9 Ancien Directeur d\u2019h\u00f4tel et de restaurant et bourguignon d\u2019origine, je me suis install\u00e9 \u00e0 Cheverny afin de prendre part \u00e0 la cr\u00e9ation et \u00e0 l\u2019ouverture des Sources de Cheverny. J\u2019ai ensuite d\u00e9cid\u00e9 en 2021 de me lancer dans l\u2019entreprenariat en cr\u00e9ant une soci\u00e9t\u00e9 de [&hellip;]<\/p>\n","protected":false},"author":1,"featured_media":0,"parent":0,"menu_order":0,"comment_status":"closed","ping_status":"closed","template":"","meta":{"footnotes":""},"class_list":["post-116","page","type-page","status-publish","hentry"],"_links":{"self":[{"href":"https:\/\/www.cheverny2026.fr\/index.php\/wp-json\/wp\/v2\/pages\/116","targetHints":{"allow":["GET"]}}],"collection":[{"href":"https:\/\/www.cheverny2026.fr\/index.php\/wp-json\/wp\/v2\/pages"}],"about":[{"href":"https:\/\/www.cheverny2026.fr\/index.php\/wp-json\/wp\/v2\/types\/page"}],"author":[{"embeddable":true,"href":"https:\/\/www.cheverny2026.fr\/index.php\/wp-json\/wp\/v2\/users\/1"}],"replies":[{"embeddable":true,"href":"https:\/\/www.cheverny2026.fr\/index.php\/wp-json\/wp\/v2\/comments?post=116"}],"version-history":[{"count":1,"href":"https:\/\/www.cheverny2026.fr\/index.php\/wp-json\/wp\/v2\/pages\/116\/revisions"}],"predecessor-version":[{"id":117,"href":"https:\/\/www.cheverny2026.fr\/index.php\/wp-json\/wp\/v2\/pages\/116\/revisions\/117"}],"wp:attachment":[{"href":"https:\/\/www.cheverny2026.fr\/index.php\/wp-json\/wp\/v2\/media?parent=116"}],"curies":[{"name":"wp","href":"https:\/\/api.w.org\/{rel}","templated":true}]}}