{"id":106,"date":"2026-02-07T14:34:25","date_gmt":"2026-02-07T14:34:25","guid":{"rendered":"https:\/\/www.cheverny2026.fr\/?page_id=106"},"modified":"2026-02-07T14:34:25","modified_gmt":"2026-02-07T14:34:25","slug":"laurence-leroux","status":"publish","type":"page","link":"https:\/\/www.cheverny2026.fr\/index.php\/laurence-leroux\/","title":{"rendered":"Laurence LEROUX"},"content":{"rendered":"\n<div class=\"wp-block-columns is-layout-flex wp-container-core-columns-is-layout-28f84493 wp-block-columns-is-layout-flex\">\n<div class=\"wp-block-column is-layout-flow wp-block-column-is-layout-flow\">\n<figure class=\"wp-block-image size-full\"><img loading=\"lazy\" decoding=\"async\" width=\"1024\" height=\"768\" src=\"http:\/\/www.cheverny2026.fr\/wp-content\/uploads\/2026\/02\/6-1.png\" alt=\"\" class=\"wp-image-50\" srcset=\"https:\/\/www.cheverny2026.fr\/wp-content\/uploads\/2026\/02\/6-1.png 1024w, https:\/\/www.cheverny2026.fr\/wp-content\/uploads\/2026\/02\/6-1-300x225.png 300w, https:\/\/www.cheverny2026.fr\/wp-content\/uploads\/2026\/02\/6-1-768x576.png 768w\" sizes=\"auto, (max-width: 1024px) 100vw, 1024px\" \/><\/figure>\n<\/div>\n\n\n\n<div class=\"wp-block-column is-layout-flow wp-block-column-is-layout-flow\">\n<div style=\"height:100px\" aria-hidden=\"true\" class=\"wp-block-spacer\"><\/div>\n\n\n\n<p class=\"has-large-font-size\"><strong>Laurence LEROUX<\/strong><\/p>\n\n\n\n<p>61 ans, en couple<\/p>\n\n\n\n<p>2 enfants, 2 petits-enfants<\/p>\n\n\n\n<p>Informaticienne<\/p>\n<\/div>\n<\/div>\n\n\n\n<div style=\"height:30px\" aria-hidden=\"true\" class=\"wp-block-spacer\"><\/div>\n\n\n\n<p>J\u2019habite Cheverny, dans le hameau de Po\u00ebly depuis un peu plus de 25 ans. Jusqu\u2019\u00e0 maintenant j\u2019ai toujours privil\u00e9gi\u00e9 ma vie personnelle et professionnelle , et je suis rest\u00e9e tr\u00e8s discr\u00e8te dans la vie communale.<br>Je veux profiter de ma r\u00e9cente disponibilit\u00e9 de pr\u00e9-retrait\u00e9e pour m\u2019y investir. Mes nouvelles activit\u00e9s depuis ce d\u00e9but d\u2019ann\u00e9e sont la participation \u00e0 l\u2019\u00e9picerie citoyenne, au balisage des chemins de randonn\u00e9e et \u00e0 l\u2019\u00e9cole dans le cadre de la classe dehors.<\/p>\n\n\n\n<p><br>C\u2019est en poursuivant dans cette dynamique que j\u2019ai accept\u00e9 de rejoindre l\u2019\u00e9quipe municipale. Je souhaite m\u2019engager pour la continuit\u00e9 du bien vivre \u00e0 Cheverny au sein d\u2019une \u00e9quipe unie.<\/p>\n","protected":false},"excerpt":{"rendered":"<p>Laurence LEROUX 61 ans, en couple 2 enfants, 2 petits-enfants Informaticienne J\u2019habite Cheverny, dans le hameau de Po\u00ebly depuis un peu plus de 25 ans. Jusqu\u2019\u00e0 maintenant j\u2019ai toujours privil\u00e9gi\u00e9 ma vie personnelle et professionnelle , et je suis rest\u00e9e tr\u00e8s discr\u00e8te dans la vie communale.Je veux profiter de ma r\u00e9cente disponibilit\u00e9 de pr\u00e9-retrait\u00e9e pour [&hellip;]<\/p>\n","protected":false},"author":1,"featured_media":0,"parent":0,"menu_order":0,"comment_status":"closed","ping_status":"closed","template":"","meta":{"footnotes":""},"class_list":["post-106","page","type-page","status-publish","hentry"],"_links":{"self":[{"href":"https:\/\/www.cheverny2026.fr\/index.php\/wp-json\/wp\/v2\/pages\/106","targetHints":{"allow":["GET"]}}],"collection":[{"href":"https:\/\/www.cheverny2026.fr\/index.php\/wp-json\/wp\/v2\/pages"}],"about":[{"href":"https:\/\/www.cheverny2026.fr\/index.php\/wp-json\/wp\/v2\/types\/page"}],"author":[{"embeddable":true,"href":"https:\/\/www.cheverny2026.fr\/index.php\/wp-json\/wp\/v2\/users\/1"}],"replies":[{"embeddable":true,"href":"https:\/\/www.cheverny2026.fr\/index.php\/wp-json\/wp\/v2\/comments?post=106"}],"version-history":[{"count":1,"href":"https:\/\/www.cheverny2026.fr\/index.php\/wp-json\/wp\/v2\/pages\/106\/revisions"}],"predecessor-version":[{"id":107,"href":"https:\/\/www.cheverny2026.fr\/index.php\/wp-json\/wp\/v2\/pages\/106\/revisions\/107"}],"wp:attachment":[{"href":"https:\/\/www.cheverny2026.fr\/index.php\/wp-json\/wp\/v2\/media?parent=106"}],"curies":[{"name":"wp","href":"https:\/\/api.w.org\/{rel}","templated":true}]}}