{"id":104,"date":"2026-02-07T14:32:08","date_gmt":"2026-02-07T14:32:08","guid":{"rendered":"https:\/\/www.cheverny2026.fr\/?page_id=104"},"modified":"2026-02-07T14:32:08","modified_gmt":"2026-02-07T14:32:08","slug":"freddy-leveau","status":"publish","type":"page","link":"https:\/\/www.cheverny2026.fr\/index.php\/freddy-leveau\/","title":{"rendered":"Freddy LEVEAU"},"content":{"rendered":"\n<div class=\"wp-block-columns is-layout-flex wp-container-core-columns-is-layout-28f84493 wp-block-columns-is-layout-flex\">\n<div class=\"wp-block-column is-layout-flow wp-block-column-is-layout-flow\">\n<figure class=\"wp-block-image size-full\"><img loading=\"lazy\" decoding=\"async\" width=\"1024\" height=\"768\" src=\"http:\/\/www.cheverny2026.fr\/wp-content\/uploads\/2026\/02\/7-1.png\" alt=\"\" class=\"wp-image-51\" srcset=\"https:\/\/www.cheverny2026.fr\/wp-content\/uploads\/2026\/02\/7-1.png 1024w, https:\/\/www.cheverny2026.fr\/wp-content\/uploads\/2026\/02\/7-1-300x225.png 300w, https:\/\/www.cheverny2026.fr\/wp-content\/uploads\/2026\/02\/7-1-768x576.png 768w\" sizes=\"auto, (max-width: 1024px) 100vw, 1024px\" \/><\/figure>\n<\/div>\n\n\n\n<div class=\"wp-block-column is-layout-flow wp-block-column-is-layout-flow\">\n<div style=\"height:100px\" aria-hidden=\"true\" class=\"wp-block-spacer\"><\/div>\n\n\n\n<p class=\"has-large-font-size\"><strong>Freddy LEVEAU<\/strong><\/p>\n\n\n\n<p>61 ans, 2 enfants<\/p>\n\n\n\n<p>Conseiller municipal de 2001 \u00e0 2008<\/p>\n\n\n\n<p>Retrait\u00e9<\/p>\n<\/div>\n<\/div>\n\n\n\n<div style=\"height:30px\" aria-hidden=\"true\" class=\"wp-block-spacer\"><\/div>\n\n\n\n<p>Je souhaite m\u2019engager dans la vie de notre commune en y apportant mon exp\u00e9rience et mes comp\u00e9tences.<\/p>\n\n\n\n<p>Mon parcours est vari\u00e9 : j\u2019ai travaill\u00e9 comme responsable contr\u00f4le de production chez Phinia (ex-Delphi), ce qui m\u2019a appris \u00e0 g\u00e9rer des \u00e9quipes et \u00e0 organiser des processus. Depuis 40 ans, je suis sapeur-pompier volontaire, dont 20 ans comme chef de centre, une exp\u00e9rience qui m\u2019a forg\u00e9 un sens aigu du service public et de la gestion d\u2019\u00e9quipe. J\u2019ai aussi occup\u00e9 plusieurs r\u00f4les associatifs au niveau d\u00e9partemental et r\u00e9gional.<\/p>\n\n\n\n<p>J\u2019ai d\u00e9j\u00e0 \u00e9t\u00e9 conseiller municipal pendant deux mandats, \u00e0 La Chauss\u00e9e-Saint-Victor puis \u00e0 Cheverny. Cela m\u2019a permis de bien comprendre les enjeux locaux et de participer activement \u00e0 la vie de la commune.<\/p>\n\n\n\n<p>C\u00f4t\u00e9 passions, j\u2019aime le bricolage, la cuisine, le rugby et le v\u00e9lo. Des activit\u00e9s qui refl\u00e8tent mon dynamisme et mon go\u00fbt pour l\u2019action concr\u00e8te.<\/p>\n","protected":false},"excerpt":{"rendered":"<p>Freddy LEVEAU 61 ans, 2 enfants Conseiller municipal de 2001 \u00e0 2008 Retrait\u00e9 Je souhaite m\u2019engager dans la vie de notre commune en y apportant mon exp\u00e9rience et mes comp\u00e9tences. Mon parcours est vari\u00e9 : j\u2019ai travaill\u00e9 comme responsable contr\u00f4le de production chez Phinia (ex-Delphi), ce qui m\u2019a appris \u00e0 g\u00e9rer des \u00e9quipes et \u00e0 [&hellip;]<\/p>\n","protected":false},"author":1,"featured_media":0,"parent":0,"menu_order":0,"comment_status":"closed","ping_status":"closed","template":"","meta":{"footnotes":""},"class_list":["post-104","page","type-page","status-publish","hentry"],"_links":{"self":[{"href":"https:\/\/www.cheverny2026.fr\/index.php\/wp-json\/wp\/v2\/pages\/104","targetHints":{"allow":["GET"]}}],"collection":[{"href":"https:\/\/www.cheverny2026.fr\/index.php\/wp-json\/wp\/v2\/pages"}],"about":[{"href":"https:\/\/www.cheverny2026.fr\/index.php\/wp-json\/wp\/v2\/types\/page"}],"author":[{"embeddable":true,"href":"https:\/\/www.cheverny2026.fr\/index.php\/wp-json\/wp\/v2\/users\/1"}],"replies":[{"embeddable":true,"href":"https:\/\/www.cheverny2026.fr\/index.php\/wp-json\/wp\/v2\/comments?post=104"}],"version-history":[{"count":1,"href":"https:\/\/www.cheverny2026.fr\/index.php\/wp-json\/wp\/v2\/pages\/104\/revisions"}],"predecessor-version":[{"id":105,"href":"https:\/\/www.cheverny2026.fr\/index.php\/wp-json\/wp\/v2\/pages\/104\/revisions\/105"}],"wp:attachment":[{"href":"https:\/\/www.cheverny2026.fr\/index.php\/wp-json\/wp\/v2\/media?parent=104"}],"curies":[{"name":"wp","href":"https:\/\/api.w.org\/{rel}","templated":true}]}}