{"id":102,"date":"2026-02-07T14:28:45","date_gmt":"2026-02-07T14:28:45","guid":{"rendered":"https:\/\/www.cheverny2026.fr\/?page_id=102"},"modified":"2026-02-07T14:28:45","modified_gmt":"2026-02-07T14:28:45","slug":"aurelie-hersant","status":"publish","type":"page","link":"https:\/\/www.cheverny2026.fr\/index.php\/aurelie-hersant\/","title":{"rendered":"Aur\u00e9lie HERSANT"},"content":{"rendered":"\n<div class=\"wp-block-columns is-layout-flex wp-container-core-columns-is-layout-28f84493 wp-block-columns-is-layout-flex\">\n<div class=\"wp-block-column is-layout-flow wp-block-column-is-layout-flow\">\n<figure class=\"wp-block-image size-full\"><img loading=\"lazy\" decoding=\"async\" width=\"1024\" height=\"768\" src=\"http:\/\/www.cheverny2026.fr\/wp-content\/uploads\/2026\/02\/9-1.png\" alt=\"\" class=\"wp-image-53\" srcset=\"https:\/\/www.cheverny2026.fr\/wp-content\/uploads\/2026\/02\/9-1.png 1024w, https:\/\/www.cheverny2026.fr\/wp-content\/uploads\/2026\/02\/9-1-300x225.png 300w, https:\/\/www.cheverny2026.fr\/wp-content\/uploads\/2026\/02\/9-1-768x576.png 768w\" sizes=\"auto, (max-width: 1024px) 100vw, 1024px\" \/><\/figure>\n<\/div>\n\n\n\n<div class=\"wp-block-column is-layout-flow wp-block-column-is-layout-flow\">\n<div style=\"height:100px\" aria-hidden=\"true\" class=\"wp-block-spacer\"><\/div>\n\n\n\n<p class=\"has-large-font-size\"><strong>Aur\u00e9lie HERSANT<\/strong><\/p>\n\n\n\n<p>46 ans<\/p>\n\n\n\n<p>3 enfants<\/p>\n\n\n\n<p>Responsable Food Val de Loire<\/p>\n<\/div>\n<\/div>\n\n\n\n<div style=\"height:30px\" aria-hidden=\"true\" class=\"wp-block-spacer\"><\/div>\n\n\n\n<p>Habitante de Cheverny, \u00e2g\u00e9e de 46 ans, m\u00e8re de 3 enfants j\u2019ai choisi de m\u2019engager avec une envie simple et sinc\u00e8re : agir pour notre commune, pr\u00e9server ce qui fait sa force et accompagner son avenir avec bon sens et humanit\u00e9.<\/p>\n\n\n\n<p><br>Cheverny est un village o\u00f9 il fait bon vivre. Un lieu paisible, entour\u00e9 de nature, \u00e0 taille humaine, o\u00f9 la qualit\u00e9 de vie repose sur un \u00e9quilibre fragile mais pr\u00e9cieux entre tranquillit\u00e9, dynamisme et respect de l\u2019environnement. Cet \u00e9quilibre, doit \u00eatre pr\u00e9serv\u00e9 et renforc\u00e9, en restant fid\u00e8le \u00e0 l\u2019identit\u00e9 de notre commune.<\/p>\n\n\n\n<p><br>Ma conviction est que le vivre ensemble est une richesse. Cr\u00e9er et maintenir du lien social est essentiel dans un village comme le n\u00f4tre. Favoriser la convivialit\u00e9, encourager les rencontres, soutenir les initiatives locales, permettre aux g\u00e9n\u00e9rations de se croiser, d\u2019\u00e9changer et de partager : tout cela contribue \u00e0 une commune plus solidaire et plus vivante.<\/p>\n\n\n\n<p><br>Je crois \u00e9galement \u00e0 une citoyennet\u00e9 active et bienveillante, fond\u00e9e sur l\u2019\u00e9coute, le dialogue et la participation. \u00catre \u00e9lue municipale, c\u2019est \u00eatre disponible, proche des habitants, attentive aux besoins du quotidien et capable de travailler collectivement dans l\u2019int\u00e9r\u00eat g\u00e9n\u00e9ral.<\/p>\n\n\n\n<p><br>La protection de l\u2019environnement est importante \u00e0 Cheverny, la nature fait partie de notre identit\u00e9. Pr\u00e9server nos paysages, assurer la protection de la biodiversit\u00e9, encourager les gestes simples comme le recyclage, l\u2019harmonisation des espaces et le respect de notre cadre naturel sont des actions concr\u00e8tes, accessibles et n\u00e9cessaires. Il s\u2019agit d\u2019une \u00e9cologie du bon sens, adapt\u00e9e \u00e0 notre territoire, pens\u00e9e pour aujourd\u2019hui et pour demain.<\/p>\n\n\n\n<p><br>Enfin, je souhaite garder une commune vivante, festive et respectueuse, o\u00f9 les temps de partage, les \u00e9v\u00e9nements locaux et les initiatives associatives continuent de rassembler les habitants et de renforcer le sentiment d\u2019appartenance.<\/p>\n\n\n\n<p><br>Mon engagement est local, ind\u00e9pendant et sinc\u00e8re. Je souhaite \u0153uvrer avec s\u00e9rieux, \u00e9coute<br>et humilit\u00e9, au service de Cheverny et de ses habitants. <\/p>\n\n\n\n<p>En 2026, je fais le choix de l\u2019engagement pour pr\u00e9server le bon \u00e9quilibre de Cheverny, renforcer le lien social et pr\u00e9parer l\u2019avenir avec confiance.<\/p>\n","protected":false},"excerpt":{"rendered":"<p>Aur\u00e9lie HERSANT 46 ans 3 enfants Responsable Food Val de Loire Habitante de Cheverny, \u00e2g\u00e9e de 46 ans, m\u00e8re de 3 enfants j\u2019ai choisi de m\u2019engager avec une envie simple et sinc\u00e8re : agir pour notre commune, pr\u00e9server ce qui fait sa force et accompagner son avenir avec bon sens et humanit\u00e9. Cheverny est un [&hellip;]<\/p>\n","protected":false},"author":1,"featured_media":0,"parent":0,"menu_order":0,"comment_status":"closed","ping_status":"closed","template":"","meta":{"footnotes":""},"class_list":["post-102","page","type-page","status-publish","hentry"],"_links":{"self":[{"href":"https:\/\/www.cheverny2026.fr\/index.php\/wp-json\/wp\/v2\/pages\/102","targetHints":{"allow":["GET"]}}],"collection":[{"href":"https:\/\/www.cheverny2026.fr\/index.php\/wp-json\/wp\/v2\/pages"}],"about":[{"href":"https:\/\/www.cheverny2026.fr\/index.php\/wp-json\/wp\/v2\/types\/page"}],"author":[{"embeddable":true,"href":"https:\/\/www.cheverny2026.fr\/index.php\/wp-json\/wp\/v2\/users\/1"}],"replies":[{"embeddable":true,"href":"https:\/\/www.cheverny2026.fr\/index.php\/wp-json\/wp\/v2\/comments?post=102"}],"version-history":[{"count":1,"href":"https:\/\/www.cheverny2026.fr\/index.php\/wp-json\/wp\/v2\/pages\/102\/revisions"}],"predecessor-version":[{"id":103,"href":"https:\/\/www.cheverny2026.fr\/index.php\/wp-json\/wp\/v2\/pages\/102\/revisions\/103"}],"wp:attachment":[{"href":"https:\/\/www.cheverny2026.fr\/index.php\/wp-json\/wp\/v2\/media?parent=102"}],"curies":[{"name":"wp","href":"https:\/\/api.w.org\/{rel}","templated":true}]}}